{"id":2781,"date":"2026-05-08T17:27:48","date_gmt":"2026-05-08T17:27:48","guid":{"rendered":"https:\/\/leaebeling.de\/?page_id=2781"},"modified":"2026-05-08T18:15:46","modified_gmt":"2026-05-08T18:15:46","slug":"termine","status":"publish","type":"page","link":"https:\/\/leaebeling.de\/en\/termine\/","title":{"rendered":"Termine"},"content":{"rendered":"<h3 class=\"wp-block-heading\">Lesung <\/h3>\n\n\n\n<p>Hoffen, wenn die Welt schmerzt. Ein Comic \u00fcber dekoloniale und antikapitalistische Zuk\u00fcnfte<\/p>\n\n\n\n<p>14. Juni 2026, 16 Uhr&nbsp;<\/p>\n\n\n\n<p><a href=\"https:\/\/www.museumsquartier-osnabrueck.de\/veranstaltung\/koerper-oder-utopie-utopie-oder-koerper\/\">Museumsquartier Osnabr\u00fcck<\/a><\/p>\n\n\n\n<p>Lotter Stra\u00dfe 2<br>49078 Osnabr\u00fcck<\/p>\n\n\n\n<h3 class=\"wp-block-heading\">Lesung<\/h3>\n\n\n\n<p>Hoffen, wenn die Welt schmerzt. Ein Comic \u00fcber dekoloniale und antikapitalistische Zuk\u00fcnfte<\/p>\n\n\n\n<p>15. Mai 2026, 12-13:30 Uhr&nbsp;<\/p>\n\n\n\n<p>Tiffany Stil Bar <\/p>\n\n\n\n<p>Sandstr. 137 <br>57072 Siegen<\/p>\n\n\n\n<h3 class=\"wp-block-heading\">Book Launch and Vernissage<\/h3>\n\n\n\n<p>Hoffen, wenn die Welt schmerzt. Ein Comic \u00fcber dekoloniale und antikapitalistische Zuk\u00fcnfte<\/p>\n\n\n\n<p>March 26, 2026, 5-10 pm&nbsp;<br>Ausstellung bis zum 23.05.2026<\/p>\n\n\n\n<p>Museum des Kapitalismus<\/p>\n\n\n\n<p>K\u00f6penicker Str. 172, Berlin<\/p>\n\n\n\n<h3 class=\"wp-block-heading\"><a href=\"https:\/\/www.instagram.com\/pippa_patino\/#\">ALTER-NATIVE<\/a>&nbsp;: The Three Flames: Disruption, Transformation Revolution<\/h3>\n\n\n\n<p>Live painting and group exhibition<\/p>\n\n\n\n<p>Organised by Tendermesh and Sawa Creatives&nbsp;<\/p>\n\n\n\n<p>90mil, Berlin<\/p>\n\n\n\n<p>08\/2025<\/p>\n\n\n\n<h3 class=\"wp-block-heading\"><a href=\"https:\/\/www.instagram.com\/pippa_patino\/#\">ALTER-NATIVE<\/a>&nbsp;: A Multi-Disciplinary Solidarity Exhibition<\/h3>\n\n\n\n<p>Teil der Gruppenausstellung mit meinem Masterarbeitsprojekt \u201eDekoloniale und Anti-kapitalistische Zukunftsimaginationen\u201c<\/p>\n\n\n\n<p>Organised by Tendermesh and Sawa Creatives&nbsp;<\/p>\n\n\n\n<p>90mil, Berlin<\/p>\n\n\n\n<p>01\/2025<\/p>\n\n\n\n<h3 class=\"wp-block-heading\">Ausstellung \u201eDekoloniale und Anti-kapitalistische Zukunftsimaginationen\u201c<\/h3>\n\n\n\n<p>Sudanese Peace Action Day, MOOS, Berlin<\/p>\n\n\n\n<p>12\/2023<\/p>\n\n\n\n<h3 class=\"wp-block-heading\">Gruppenausstellung \u201eWie Kiez Dir?\u201c<\/h3>\n\n\n\n<p>Atelier Cocon Color\u00e9, Berlin<\/p>\n\n\n\n<p>03\/2022<\/p>","protected":false},"excerpt":{"rendered":"<p>Lesung Hoffen, wenn die Welt schmerzt. Ein Comic \u00fcber dekoloniale und antikapitalistische Zuk\u00fcnfte 14. Juni 2026, 16 Uhr&nbsp; Museumsquartier Osnabr\u00fcck Lotter Stra\u00dfe 249078 Osnabr\u00fcck Lesung Hoffen, wenn die Welt schmerzt. Ein Comic \u00fcber dekoloniale und antikapitalistische Zuk\u00fcnfte 15. Mai 2026, 12-13:30 Uhr&nbsp; Tiffany Stil Bar Sandstr. 137 57072 Siegen Buchpr\u00e4sentation und Vernissage Hoffen, wenn die [&hellip;]<\/p>\n","protected":false},"author":1,"featured_media":0,"parent":0,"menu_order":0,"comment_status":"closed","ping_status":"closed","template":"","meta":{"_vp_format_video_url":"","_vp_image_focal_point":[],"footnotes":""},"class_list":["post-2781","page","type-page","status-publish","hentry"],"_links":{"self":[{"href":"https:\/\/leaebeling.de\/en\/wp-json\/wp\/v2\/pages\/2781","targetHints":{"allow":["GET"]}}],"collection":[{"href":"https:\/\/leaebeling.de\/en\/wp-json\/wp\/v2\/pages"}],"about":[{"href":"https:\/\/leaebeling.de\/en\/wp-json\/wp\/v2\/types\/page"}],"author":[{"embeddable":true,"href":"https:\/\/leaebeling.de\/en\/wp-json\/wp\/v2\/users\/1"}],"replies":[{"embeddable":true,"href":"https:\/\/leaebeling.de\/en\/wp-json\/wp\/v2\/comments?post=2781"}],"version-history":[{"count":5,"href":"https:\/\/leaebeling.de\/en\/wp-json\/wp\/v2\/pages\/2781\/revisions"}],"predecessor-version":[{"id":2799,"href":"https:\/\/leaebeling.de\/en\/wp-json\/wp\/v2\/pages\/2781\/revisions\/2799"}],"wp:attachment":[{"href":"https:\/\/leaebeling.de\/en\/wp-json\/wp\/v2\/media?parent=2781"}],"curies":[{"name":"wp","href":"https:\/\/api.w.org\/{rel}","templated":true}]}}